{"id":502,"date":"2017-04-10T09:33:50","date_gmt":"2017-04-10T07:33:50","guid":{"rendered":"http:\/\/www.chimeraoro.it\/?page_id=502"},"modified":"2024-07-25T12:39:50","modified_gmt":"2024-07-25T10:39:50","slug":"privacy","status":"publish","type":"page","link":"https:\/\/chimeraoro.it\/?page_id=502","title":{"rendered":"Informativa Privacy"},"content":{"rendered":"<p>[vc_row row_type=&#8221;row&#8221; use_row_as_full_screen_section=&#8221;no&#8221; type=&#8221;full_width&#8221; text_align=&#8221;left&#8221; css_animation=&#8221;&#8221;][vc_column][vc_column_text css=&#8221;.vc_custom_1644400206204{margin-top: 50px !important;margin-bottom: 50px !important;}&#8221;]<\/p>\n<h1>Informativa Privacy<\/h1>\n<h4>Cos\u2019\u00e8 l\u2019informativa sulla privacy<\/h4>\n<p>La presente informativa sulla privacy spiega quali Dati Personali vengono raccolti da Chimera oro srl e come tali Dati Personali vengono impiegati quando l\u2019Utente utilizza il sito ed i servizi web di Chimera Oro srl \u00a0accessibili agli indirizzi https:\/\/chimeraoro.it, (di seguito \u201cSito\u201d) ed \u00e8 resa ai sensi dell\u2019art. 13 del D.lgs. n. 196\/2003 (Codice in materia di protezione dei Dati Personali \u2013 di seguito \u201cCodice\u201d) e dell\u2019art. 13 del Regolamento UE n. 2016\/279 (di seguito \u201cGDPR\u201d).<\/p>\n<p>Tale informativa non si applica ai Dati Personali raccolti da altri siti web eventualmente consultati dall\u2019Utente tramite link a pagine esterne di terzi. Chimera Oro srl non \u00e8 responsabile delle politiche in materia di privacy e\/o prassi di terzi. Quando ci si collega a un altro sito o si utilizza un servizio di terzi, \u00e8 necessario leggere l\u2019informativa sulla privacy di tale sito o servizio.<\/p>\n<p>Con l\u2019espressione \u201cDato Personale\u201d si intende qualunque informazione relativa ad una persona fisica, identificata o identificabile, anche indirettamente, mediante riferimento a qualsiasi altra informazione.<\/p>\n<p>Chimera Oro srl pu\u00f2 modificare, integrare o aggiornare periodicamente la presente informativa, anche in considerazione di eventuali modifiche della normativa applicabile. Le modifiche e gli aggiornamenti dell\u2019informativa saranno applicati e portati a conoscenza dei soggetti interessati non appena adottati mediante link all\u2019informativa sulla privacy nel Sito. Conseguentemente, ogni Utente interessato \u00e8 invitato ad accedere con regolarit\u00e0 al Sito per verificare l\u2019informativa aggiornata.<\/p>\n<p><u>Trattamento dei Dati Personali<\/u><br \/>\nL&#8217;accesso ad alcune sezioni del Sito e\/o eventuali richieste di informazioni o di servizi da parte degli Utenti del Sito potranno essere subordinati all&#8217;inserimento di Dati Personali; inoltre, eventuali contatti con Chimera Oro srl, tramite ad esempio il servizio consumatori, o l\u2019invio facoltativo, esplicito e spontaneo di messaggi, di posta elettronica o tradizionale, ai recapiti Chimera Oro srl indicati sul Sito, comportano la successiva acquisizione dell\u2019indirizzo, anche e-mail, del mittente o della relativa numerazione telefonica, necessari per rispondere alle richieste, nonch\u00e9 di eventuali altri Dati Personali inseriti nelle relative comunicazioni.<\/p>\n<p>Il trattamento dei Dati Personali di cui sopra da parte di Chimera Oro srl, quale Titolare del trattamento, avverr\u00e0 nel rispetto del Codice e del GDPR.<\/p>\n<p>La presente informativa ha lo scopo di consentire agli Utenti di conoscere, anche prima di accedere alle varie sezioni del Sito e di conferire i propri Dati Personali, in che modo Chimera Oro srl tratta i Dati Personali degli Utenti; l\u2019Utente deve prenderne visione prima di conferire i propri Dati Personali, compilando gli appositi spazi nelle varie sezioni del Sito.<\/p>\n<p><u>Finalit\u00e0 del trattamento<\/u><br \/>\nSecondo le esigenze di volta in volta manifestate dall\u2019Utente che accede alle varie sezioni del Sito, le finalit\u00e0 del trattamento dei Dati Personali conferiti direttamente dagli Utenti potranno essere le seguenti:<br \/>\n1.\u00a0\u00a0\u00a0\u00a0\u00a0\u00a0\u00a0\u00a0\u00a0\u00a0\u00a0\u00a0consentire la registrazione sul Sito, che \u00e8 necessaria per l\u2019accesso a particolari sezioni del Sito stesso e per erogare e gestire i vari servizi offerti;<br \/>\n2.\u00a0\u00a0\u00a0\u00a0\u00a0\u00a0\u00a0\u00a0\u00a0\u00a0\u00a0\u00a0previo consenso dell\u2019Utente e fino alla revoca dello stesso, effettuare attivit\u00e0 di marketing (quali, in via meramente esemplificativa ma non esaustiva, invio di materiale promozionale e pubblicitario, comunicazioni su campagne o promozioni marketing, svolgimento di connesse analisi sugli utenti registrati e sondaggi sulla soddisfazione dei clienti che consentano a Chimera Oro srl di migliorare i servizi e prodotti offerti alla propria clientela), e ci\u00f2 anche a mezzo di Email, mms e sms, telefonate o posta ordinaria; l\u2019Utente ha la facolt\u00e0 di rinunciare a ricevere questo tipo di comunicazioni in qualsiasi momento;<br \/>\n3.\u00a0\u00a0\u00a0\u00a0\u00a0\u00a0\u00a0\u00a0\u00a0\u00a0\u00a0\u00a0previo consenso dell\u2019Utente e fino alla revoca dello stesso, inviare newsletter per fornire aggiornamenti su tutte le novit\u00e0 del Sito e altre notizie sul mondo Chimera Oro srl;<br \/>\n4.\u00a0\u00a0\u00a0\u00a0\u00a0\u00a0\u00a0\u00a0\u00a0\u00a0\u00a0\u00a0fornire assistenza e rispondere alle richieste degli Utenti in relazione a prodotti Chimera Oro srl alla pubblicit\u00e0, ovvero al Sito (sezione \u201cContatti\u201d del Sito);<br \/>\n5.\u00a0\u00a0\u00a0\u00a0\u00a0\u00a0\u00a0\u00a0\u00a0\u00a0\u00a0\u00a0Social Network: offrire pubblicit\u00e0 e coinvolgere l\u2019Utente sui Social Network di Chimera Oro srl (ad esempio Facebook, Twitter, Instagram, Pinterest, ecc) attraverso l\u2019utilizzo dei Dati Personali derivanti dall\u2019interazione dell\u2019Utente con le funzioni dei Social Network di parti terze (come per esempio le funzioni \u201cMi Piace\u201d). Consultando le informative sulla privacy dei rilevanti Social Network di parti terze, l\u2019Utente potr\u00e0 approfondire come operano queste funzioni, i Dati Personali di profilo che Chimera Oro srl ottiene e scoprire come ritirarsi;<br \/>\n6.\u00a0\u00a0\u00a0\u00a0\u00a0\u00a0\u00a0\u00a0\u00a0\u00a0\u00a0\u00a0comunicazioni relative agli ordini: se si effettua un ordine sulle piattaforme di e-commerce, Chimera Oro srl user\u00e0 i Dati Personali dell\u2019Utente per elaborare e spedire gli ordini e per inviare un Email di conferma dell\u2019ordine, un Email di conferma della spedizione e un Email per richiedere un feedback sul servizio ottenuto. Tale trattamento dei Dati Personali \u00e8 necessario per l\u2019esecuzione dei servizi di Chimera Oro srl, pertanto il fondamento giuridico di tale trattamento dei Dati Personali \u00e8 l\u2019art 6 (1) (b) del GDPR. Si ricorda che l\u2019Utente \u00e8 contrattualmente tenuto a fornire tali Dati Personali e che senza di essi Chimera Oro srl non sar\u00e0 in grado di inviare comunicazioni relative all\u2019ordine dell\u2019Utente;<br \/>\n7.\u00a0\u00a0\u00a0\u00a0\u00a0\u00a0\u00a0\u00a0\u00a0\u00a0\u00a0\u00a0motivi giuridici o fusione\/acquisizione: nel caso in cui Chimera Oro srl sia acquisita o fusa con un\u2019altra societ\u00e0, potr\u00e0 condividere i suoi Dati Personali con qualsiasi successore legittimo. Chimera Oro srl potr\u00e0 inoltre divulgare i suoi Dati Personali a parti terze (a) quando ci\u00f2 sia previsto dalla legge applicabile; (b) per rispondere a procedimenti legali; (c) per rispondere a una richiesta da parte di un\u2019agenzia deputata all\u2019applicazione della legge competente; (d) per proteggere i propri diritti, la propria privacy, sicurezza o propriet\u00e0 (e) per eseguire i termini di qualsiasi contratto o i termini del proprio sito internet.<\/p>\n<p>La registrazione degli Utenti sul Sito non \u00e8 richiesta per la prestazione di alcuni servizi offerti da Chimera Oro srl; tuttavia, al fine di evadere le eventuali richieste degli Utenti riguardanti tali servizi, essi saranno invitati a conferire Dati Personali, che saranno trattati per le sole relative finalit\u00e0 e per il tempo strettamente necessario.<\/p>\n<p><u>Modalit\u00e0 del trattamento<\/u><br \/>\nI Dati Personali saranno trattati per mezzo delle operazioni di raccolta, registrazione, organizzazione, conservazione, consultazione, elaborazione, modificazione, selezione, estrazione, raffronto, utilizzo, interconnessione, blocco, comunicazione, cancellazione e distruzione dei Dati Personali.<\/p>\n<p>I Dati Personali saranno trattati in forma prevalentemente automatizzata ma anche cartacea, con logiche strettamente correlate alle predette finalit\u00e0.<\/p>\n<p><u>Natura del conferimento dei Dati Personali degli Utenti<\/u><br \/>\nIl conferimento dei Dati Personali \u00e8 facoltativo, ma esso \u00e8 in parte necessario affinch\u00e9 Chimera Oro srl \u00a0possa soddisfare le esigenze dell\u2019Utente in relazione ai servizi offerti dal Sito e alle finalit\u00e0 sopra indicate. Il mancato, parziale o inesatto conferimento dei Dati Personali in quanto necessari per l&#8217;esecuzione della prestazione richiesta, non rende possibile tale esecuzione.<br \/>\nIl mancato, parziale o inesatto conferimento dei Dati Personali facoltativi non necessari non comporta alcuna conseguenza.<\/p>\n<p><u>Categorie di Dati Personali oggetto di trattamento<\/u><br \/>\nOltre ai Dati Personali conferiti direttamente dagli utenti (quali nome, cognome, indirizzo postale, di posta elettronica, password, et\u00e0, data di nascita, sesso, immagine, professione, stato civile, ecc), in fase di connessione al Sito, i sistemi informatici e le procedure software preposte al funzionamento del Sito stesso acquisiscono automaticamente ed indirettamente alcuni Dati Personali la cui trasmissione \u00e8 implicita nell\u2019uso dei protocolli di comunicazione di Internet (es. indirizzi IP o nomi a dominio dei computer utilizzati dagli utenti che si connettono al sito, gli indirizzi URI \u2013 Uniform Resource Identifier \u2013 delle risorse richieste, orario della richiesta, metodo utilizzato nel sottoporre la richiesta al server, dimensione del file ottenuto in risposta, codice numerico circa lo stato della risposta resa dal server \u2013 buon fine, errore, ecc. \u2013 e altri parametri relativi al sistema operativo e all\u2019ambiente informatico dell\u2019Utente). Tali Dati Personali sono trattati al solo fine di effettuare indagini statistiche anonime sull\u2019uso del Sito e per controllare il corretto funzionamento e sono cancellati immediatamente dopo l\u2019elaborazione. I Dati Personali potrebbero essere utilizzati per l\u2019accertamento di responsabilit\u00e0 in caso di ipotetici reati informatici ai danni del Sito.<\/p>\n<p><u>Categorie di soggetti che potranno venire a conoscenza dei Dati Personali degli Utenti<br \/>\n<\/u>I Dati Personali potranno essere portati a conoscenza di dipendenti o collaboratori del Titolare o delle societ\u00e0 in Italia e all\u2019estero, i quali, operando sotto la diretta autorit\u00e0 di quest\u2019ultimo, sono nominati Responsabili e\/o Incaricati del trattamento e riceveranno al riguardo adeguate istruzioni operative.<\/p>\n<p><u>Ambito di comunicazione o diffusione dei Dati Personali degli Utenti<\/u><br \/>\nI Dati Personali forniti direttamente dagli Utenti mediante la compilazione dei moduli on line potranno essere comunicati a fornitori esterni di servizi, incaricati della gestione dei Dati Personali per le finalit\u00e0 per le quali i Dati Personali sono stati raccolti; Chimera Oro srl condivide i Dati Personali dell\u2019Utente nella misura necessaria per consentire a tali fornitori di servizi terzi di fornire il servizio applicabile a Chimera Oro srl o per suo conto (per esempio evasione degli ordini, servizi ed elaborazione dei pagamenti, gestione delle carte di credito, recupero crediti, funzionamento del sito internet e della piattaforma e-commerce, servizi di supporto, promozioni, sviluppo del sito internet, servizi di posta elettronica per inviare Email e\/o newsletter e\/o sms\/mms per proprio conto, analisi dei Dati Personali, ecc). Tali fornitori, i cui Dati Personali possono essere richiesti al Titolare del trattamento sotto indicato, sono nominati Responsabili del trattamento e dovranno dare adeguate istruzioni operative ai propri dipendenti o collaboratori che potranno venire a conoscenza dei Dati Personali.<\/p>\n<p>Chimera Oro srl non condivide, vende, trasferisce o altrimenti divulga i Dati Personali dell\u2019Utente a terzi, salvo quanto previsto dalla legge ai sensi dell\u2019articolo 6 (1) (c) del GDPR, salvo se richiesto ai fini del contratto ai sensi dell\u2019articolo 6 (1) (b) o a meno che l\u2019Utente non abbia espressamente acconsentito ai sensi dell\u2019art 6 (1) (a).<\/p>\n<p>Gli stessi Dati Personali potranno essere diffusi nel caso di inserimento nel Sito di nomi di vincitori di eventuali concorsi o di operazioni a premio promossi da Chimera Oro srl tramite il Sito.<\/p>\n<p><u>Categorie di Dati Personali oggetto di trattamento<\/u><br \/>\nIl Titolare del trattamento \u00e8 Chimera Oro srl con sede legale e amministrativa in: Via Gobetti, 6\/8 \u2013 Citt\u00e0 Arezzo\u2013 CAP 52100 \u00a0(AR). Partita IVA 00130220510.<\/p>\n<p>L\u2019elenco aggiornato dei Responsabili e degli Incaricati pu\u00f2 essere richiesto ai recapiti del Titolare del trattamento di cui sopra.<\/p>\n<p><u>I diritti degli utenti riconosciuti dall\u2019art. 7 del Codice e art. 15 GDPR<\/u><br \/>\nL&#8217;interessato ha diritto di ottenere la conferma dell&#8217;esistenza o meno di Dati Personali che lo riguardano, anche se non ancora registrati, la loro comunicazione in forma intelligibile e di accedere al loro contenuto.<br \/>\n1. L&#8217;interessato ha diritto di ottenere l&#8217;indicazione:<br \/>\n\u2022\u00a0\u00a0\u00a0\u00a0\u00a0\u00a0\u00a0\u00a0\u00a0\u00a0\u00a0\u00a0\u00a0\u00a0dell&#8217;origine dei Dati Personali;<br \/>\n\u2022\u00a0\u00a0\u00a0\u00a0\u00a0\u00a0\u00a0\u00a0\u00a0\u00a0\u00a0\u00a0\u00a0\u00a0delle finalit\u00e0 e modalit\u00e0 di trattamento;<br \/>\n\u2022\u00a0\u00a0\u00a0\u00a0\u00a0\u00a0\u00a0\u00a0\u00a0\u00a0\u00a0\u00a0\u00a0\u00a0della logica applicata in caso di trattamento effettuato con l&#8217;ausilio di strumenti elettronici;<br \/>\n\u2022\u00a0\u00a0\u00a0\u00a0\u00a0\u00a0\u00a0\u00a0\u00a0\u00a0\u00a0\u00a0\u00a0\u00a0degli estremi identificativi del Titolare, dei Responsabili e del rappresentante designato nel territorio dello Stato Italiano, ove previsto;<br \/>\n\u2022\u00a0\u00a0\u00a0\u00a0\u00a0\u00a0\u00a0\u00a0\u00a0\u00a0\u00a0\u00a0\u00a0\u00a0dei soggetti o delle categorie di soggetti ai quali i Dati Personali possono essere comunicati o che possono venirne a conoscenza in qualit\u00e0 di rappresentante designato nel territorio dello Stato Italiano, di Responsabili o incaricati.<br \/>\n2. L&#8217;interessato ha diritto di ottenere:<br \/>\n\u2022\u00a0\u00a0\u00a0\u00a0\u00a0\u00a0\u00a0\u00a0\u00a0\u00a0\u00a0\u00a0\u00a0\u00a0l&#8217;aggiornamento, la rettificazione ovvero, quando vi ha interesse, l&#8217;integrazione dei Dati Personali;<br \/>\n\u2022\u00a0\u00a0\u00a0\u00a0\u00a0\u00a0\u00a0\u00a0\u00a0\u00a0\u00a0\u00a0\u00a0\u00a0la cancellazione, la trasformazione in forma anonima o il blocco dei Dati Personali trattati in violazione di legge, compresi quelli di cui non \u00e8 necessaria la conservazione in relazione agli scopi per i quali i Dati Personali sono stati raccolti o successivamente trattati;<br \/>\n\u2022\u00a0\u00a0\u00a0\u00a0\u00a0\u00a0\u00a0\u00a0\u00a0\u00a0\u00a0\u00a0\u00a0\u00a0l&#8217;attestazione che le operazioni di cui ai precedenti punti sono state portate a conoscenza, anche per quanto riguarda il loro contenuto, di coloro ai quali i Dati Personali sono stati comunicati o diffusi, eccettuato il caso in cui tale adempimento si rivela impossibile o comporta un impiego di mezzi manifestamente sproporzionato rispetto al diritto tutelato.<br \/>\n3. L&#8217;interessato ha diritto di opporsi in tutto o in parte:<br \/>\n\u2022\u00a0\u00a0\u00a0\u00a0\u00a0\u00a0\u00a0\u00a0\u00a0\u00a0\u00a0\u00a0\u00a0\u00a0per motivi legittimi al trattamento dei Dati Personali che lo riguardano, ancorch\u00e9 pertinenti allo scopo della raccolta;<br \/>\n\u2022\u00a0\u00a0\u00a0\u00a0\u00a0\u00a0\u00a0\u00a0\u00a0\u00a0\u00a0\u00a0\u00a0\u00a0al trattamento di Dati Personali che lo riguardano ai fini di invio di materiale pubblicitario o di vendita diretta o per il compimento di ricerche di mercato o di comunicazione commerciale.<br \/>\n4. L\u2019interessato, ove applicabili, ha altres\u00ec i diritti di cui agli artt. 16-21 GDPR (Diritto di rettifica, diritto all\u2019oblio, diritto di limitazione di trattamento, diritto alla portabilit\u00e0 dei Dati Personali, diritto di opposizione), nonch\u00e9 il diritto di reclamo all\u2019Autorit\u00e0 Garante.<br \/>\nL&#8217;esercizio dei diritti di cui sopra pu\u00f2 essere esercitato direttamente o conferendo, per iscritto, delega o procura a persone fisiche o ad associazioni.<\/p>\n<p><u>Conservazione dei Dati Personali<\/u><br \/>\nIn osservanza delle leggi applicabili, Chimera Oro srl user\u00e0 i Dati Personali per il tempo necessario a soddisfare le finalit\u00e0 per cui sono stati raccolti (come descritto nella sezione \u201cFinalit\u00e0 del trattamento\u201d) o per soddisfare i requisiti legali applicabili.<\/p>\n<p><u>Modalit\u00e0 di esercizio dei diritti e per conoscere l\u2019elenco dei Responsabili del trattamento<\/u><br \/>\nL\u2019Utente potr\u00e0, in qualunque momento, esercitare i diritti di cui sopra nonch\u00e9 conoscere l\u2019elenco completo dei Responsabili inviando un messaggio di posta elettronica all&#8217;indirizzo del Titolare oppure una lettera da spedirsi tramite posta ordinaria o raccomandata, oppure una Email di posta certificata.<\/p>\n<p>L\u2019Utente, inoltre, qualora vi abbia inizialmente consentito, potr\u00e0 successivamente opporsi al trattamento per le finalit\u00e0 di cui ai punti 2 e 3 indicati nelle Finalit\u00e0 del trattamento, cliccando su un apposito \u201clink\u201d presente in ogni messaggio di posta elettronica o contattando il Titolare nelle modalit\u00e0 indicate nel paragrafo precedente.<\/p>\n<p>[\/vc_column_text][\/vc_column][\/vc_row]<\/p>\n","protected":false},"excerpt":{"rendered":"<p>[vc_row row_type=&#8221;row&#8221; use_row_as_full_screen_section=&#8221;no&#8221; type=&#8221;full_width&#8221; text_align=&#8221;left&#8221; css_animation=&#8221;&#8221;][vc_column][vc_column_text css=&#8221;.vc_custom_1644400206204{margin-top: 50px !important;margin-bottom: 50px !important;}&#8221;] Informativa Privacy Cos\u2019\u00e8 l\u2019informativa sulla privacy La presente informativa sulla privacy spiega quali Dati Personali vengono raccolti da Chimera oro srl e come tali Dati Personali vengono impiegati quando l\u2019Utente utilizza il sito ed&#8230;<\/p>\n","protected":false},"author":1,"featured_media":0,"parent":0,"menu_order":0,"comment_status":"closed","ping_status":"closed","template":"","meta":{"footnotes":""},"class_list":["post-502","page","type-page","status-publish","hentry"],"_links":{"self":[{"href":"https:\/\/chimeraoro.it\/index.php?rest_route=\/wp\/v2\/pages\/502"}],"collection":[{"href":"https:\/\/chimeraoro.it\/index.php?rest_route=\/wp\/v2\/pages"}],"about":[{"href":"https:\/\/chimeraoro.it\/index.php?rest_route=\/wp\/v2\/types\/page"}],"author":[{"embeddable":true,"href":"https:\/\/chimeraoro.it\/index.php?rest_route=\/wp\/v2\/users\/1"}],"replies":[{"embeddable":true,"href":"https:\/\/chimeraoro.it\/index.php?rest_route=%2Fwp%2Fv2%2Fcomments&post=502"}],"version-history":[{"count":8,"href":"https:\/\/chimeraoro.it\/index.php?rest_route=\/wp\/v2\/pages\/502\/revisions"}],"predecessor-version":[{"id":665,"href":"https:\/\/chimeraoro.it\/index.php?rest_route=\/wp\/v2\/pages\/502\/revisions\/665"}],"wp:attachment":[{"href":"https:\/\/chimeraoro.it\/index.php?rest_route=%2Fwp%2Fv2%2Fmedia&parent=502"}],"curies":[{"name":"wp","href":"https:\/\/api.w.org\/{rel}","templated":true}]}}